{"id":878,"date":"2022-08-15T14:42:11","date_gmt":"2022-08-15T12:42:11","guid":{"rendered":"http:\/\/wsc-saale.de\/?page_id=878"},"modified":"2022-08-15T14:47:48","modified_gmt":"2022-08-15T12:47:48","slug":"unsere-sportler-erfolgreich-fuer-die-deutsche-nationalmannschaft-in-griechenland","status":"publish","type":"page","link":"http:\/\/wsc-saale.de\/?page_id=878","title":{"rendered":"unsere Sportler erfolgreich unterwegs f\u00fcr die deutsche Nationalmannschaft"},"content":{"rendered":"<p>Zur Europameisterschaft in Griechenland liefen zwei unserer Vereinsmitglieder sehr erfolgreich f\u00fcr die deutsche Nationalmannschaft. Sportsfreundin Maja Leonhardt startete in der U14 und errang im Slalom den 13ten-, im Trick den 17ten- und im Springen den 12ten Platz unter den 23 Teilnehmern. Sportsfreund Pepe Leonhardt belegte ebenfalls in der U 14 den 2. Platz im Slalom, den 6. Platz im Trick und den 3. Platz im Springen. F\u00fcr diese grandiosen Ergebnisse begl\u00fcckw\u00fcnschen auch wir als Verein unsere beiden Mitglieder und sagen herzlichen Dank f\u00fcr ihr Engagement.<a href=\"http:\/\/wsc-saale.de\/wp-content\/uploads\/IMG-20220803-WA0004.jpg\"><img loading=\"lazy\" decoding=\"async\" class=\"aligncenter size-full wp-image-879\" src=\"http:\/\/wsc-saale.de\/wp-content\/uploads\/IMG-20220803-WA0004.jpg\" alt=\"IMG-20220803-WA0004\" width=\"1536\" height=\"2048\" srcset=\"http:\/\/wsc-saale.de\/wp-content\/uploads\/IMG-20220803-WA0004.jpg 1536w, http:\/\/wsc-saale.de\/wp-content\/uploads\/IMG-20220803-WA0004-225x300.jpg 225w, http:\/\/wsc-saale.de\/wp-content\/uploads\/IMG-20220803-WA0004-768x1024.jpg 768w\" sizes=\"auto, (max-width: 1536px) 100vw, 1536px\" \/><\/a> <a href=\"http:\/\/wsc-saale.de\/wp-content\/uploads\/IMG-20220803-WA0006.jpg\"><img loading=\"lazy\" decoding=\"async\" class=\"aligncenter size-full wp-image-880\" src=\"http:\/\/wsc-saale.de\/wp-content\/uploads\/IMG-20220803-WA0006.jpg\" alt=\"IMG-20220803-WA0006\" width=\"1536\" height=\"2048\" srcset=\"http:\/\/wsc-saale.de\/wp-content\/uploads\/IMG-20220803-WA0006.jpg 1536w, http:\/\/wsc-saale.de\/wp-content\/uploads\/IMG-20220803-WA0006-225x300.jpg 225w, http:\/\/wsc-saale.de\/wp-content\/uploads\/IMG-20220803-WA0006-768x1024.jpg 768w\" sizes=\"auto, (max-width: 1536px) 100vw, 1536px\" \/><\/a> <a href=\"http:\/\/wsc-saale.de\/wp-content\/uploads\/IMG-20220803-WA0009.jpg\"><img loading=\"lazy\" decoding=\"async\" class=\"aligncenter size-full wp-image-881\" src=\"http:\/\/wsc-saale.de\/wp-content\/uploads\/IMG-20220803-WA0009.jpg\" alt=\"IMG-20220803-WA0009\" width=\"828\" height=\"1792\" srcset=\"http:\/\/wsc-saale.de\/wp-content\/uploads\/IMG-20220803-WA0009.jpg 828w, http:\/\/wsc-saale.de\/wp-content\/uploads\/IMG-20220803-WA0009-139x300.jpg 139w, http:\/\/wsc-saale.de\/wp-content\/uploads\/IMG-20220803-WA0009-768x1662.jpg 768w, http:\/\/wsc-saale.de\/wp-content\/uploads\/IMG-20220803-WA0009-473x1024.jpg 473w\" sizes=\"auto, (max-width: 828px) 100vw, 828px\" \/><\/a> <a href=\"http:\/\/wsc-saale.de\/wp-content\/uploads\/IMG-20220803-WA0014.jpg\"><img loading=\"lazy\" decoding=\"async\" class=\"aligncenter size-full wp-image-882\" src=\"http:\/\/wsc-saale.de\/wp-content\/uploads\/IMG-20220803-WA0014.jpg\" alt=\"IMG-20220803-WA0014\" width=\"768\" height=\"1024\" srcset=\"http:\/\/wsc-saale.de\/wp-content\/uploads\/IMG-20220803-WA0014.jpg 768w, http:\/\/wsc-saale.de\/wp-content\/uploads\/IMG-20220803-WA0014-225x300.jpg 225w\" sizes=\"auto, (max-width: 768px) 100vw, 768px\" \/><\/a> <a href=\"http:\/\/wsc-saale.de\/wp-content\/uploads\/IMG-20220814-WA0000.jpg\"><img loading=\"lazy\" decoding=\"async\" class=\"aligncenter size-full wp-image-883\" src=\"http:\/\/wsc-saale.de\/wp-content\/uploads\/IMG-20220814-WA0000.jpg\" alt=\"IMG-20220814-WA0000\" width=\"768\" height=\"1024\" srcset=\"http:\/\/wsc-saale.de\/wp-content\/uploads\/IMG-20220814-WA0000.jpg 768w, http:\/\/wsc-saale.de\/wp-content\/uploads\/IMG-20220814-WA0000-225x300.jpg 225w\" sizes=\"auto, (max-width: 768px) 100vw, 768px\" \/><\/a> <a href=\"http:\/\/wsc-saale.de\/wp-content\/uploads\/IMG-20220814-WA0001.jpg\"><img loading=\"lazy\" decoding=\"async\" class=\"aligncenter size-full wp-image-884\" src=\"http:\/\/wsc-saale.de\/wp-content\/uploads\/IMG-20220814-WA0001.jpg\" alt=\"IMG-20220814-WA0001\" width=\"768\" height=\"1024\" srcset=\"http:\/\/wsc-saale.de\/wp-content\/uploads\/IMG-20220814-WA0001.jpg 768w, http:\/\/wsc-saale.de\/wp-content\/uploads\/IMG-20220814-WA0001-225x300.jpg 225w\" sizes=\"auto, (max-width: 768px) 100vw, 768px\" \/><\/a> <a href=\"http:\/\/wsc-saale.de\/wp-content\/uploads\/IMG-20220814-WA0002.jpg\"><img loading=\"lazy\" decoding=\"async\" class=\"aligncenter size-full wp-image-885\" src=\"http:\/\/wsc-saale.de\/wp-content\/uploads\/IMG-20220814-WA0002.jpg\" alt=\"IMG-20220814-WA0002\" width=\"768\" height=\"1024\" srcset=\"http:\/\/wsc-saale.de\/wp-content\/uploads\/IMG-20220814-WA0002.jpg 768w, http:\/\/wsc-saale.de\/wp-content\/uploads\/IMG-20220814-WA0002-225x300.jpg 225w\" sizes=\"auto, (max-width: 768px) 100vw, 768px\" \/><\/a> <a href=\"http:\/\/wsc-saale.de\/wp-content\/uploads\/IMG-20220814-WA0003.jpg\"><img loading=\"lazy\" decoding=\"async\" class=\"aligncenter size-full wp-image-886\" src=\"http:\/\/wsc-saale.de\/wp-content\/uploads\/IMG-20220814-WA0003.jpg\" alt=\"IMG-20220814-WA0003\" width=\"1024\" height=\"768\" srcset=\"http:\/\/wsc-saale.de\/wp-content\/uploads\/IMG-20220814-WA0003.jpg 1024w, http:\/\/wsc-saale.de\/wp-content\/uploads\/IMG-20220814-WA0003-300x225.jpg 300w, http:\/\/wsc-saale.de\/wp-content\/uploads\/IMG-20220814-WA0003-768x576.jpg 768w\" sizes=\"auto, (max-width: 1024px) 100vw, 1024px\" \/><\/a> <a href=\"http:\/\/wsc-saale.de\/wp-content\/uploads\/IMG-20220814-WA0007.jpg\"><img loading=\"lazy\" decoding=\"async\" class=\"aligncenter size-full wp-image-887\" src=\"http:\/\/wsc-saale.de\/wp-content\/uploads\/IMG-20220814-WA0007.jpg\" alt=\"IMG-20220814-WA0007\" width=\"768\" height=\"1024\" srcset=\"http:\/\/wsc-saale.de\/wp-content\/uploads\/IMG-20220814-WA0007.jpg 768w, http:\/\/wsc-saale.de\/wp-content\/uploads\/IMG-20220814-WA0007-225x300.jpg 225w\" sizes=\"auto, (max-width: 768px) 100vw, 768px\" \/><\/a> <a href=\"http:\/\/wsc-saale.de\/wp-content\/uploads\/IMG-20220814-WA0013.jpg\"><img loading=\"lazy\" decoding=\"async\" class=\"aligncenter size-full wp-image-888\" src=\"http:\/\/wsc-saale.de\/wp-content\/uploads\/IMG-20220814-WA0013.jpg\" alt=\"IMG-20220814-WA0013\" width=\"1024\" height=\"768\" srcset=\"http:\/\/wsc-saale.de\/wp-content\/uploads\/IMG-20220814-WA0013.jpg 1024w, http:\/\/wsc-saale.de\/wp-content\/uploads\/IMG-20220814-WA0013-300x225.jpg 300w, http:\/\/wsc-saale.de\/wp-content\/uploads\/IMG-20220814-WA0013-768x576.jpg 768w\" sizes=\"auto, (max-width: 1024px) 100vw, 1024px\" \/><\/a> <a href=\"http:\/\/wsc-saale.de\/wp-content\/uploads\/IMG-20220814-WA0015.jpg\"><img loading=\"lazy\" decoding=\"async\" class=\"aligncenter size-full wp-image-889\" src=\"http:\/\/wsc-saale.de\/wp-content\/uploads\/IMG-20220814-WA0015.jpg\" alt=\"IMG-20220814-WA0015\" width=\"768\" height=\"1024\" srcset=\"http:\/\/wsc-saale.de\/wp-content\/uploads\/IMG-20220814-WA0015.jpg 768w, http:\/\/wsc-saale.de\/wp-content\/uploads\/IMG-20220814-WA0015-225x300.jpg 225w\" sizes=\"auto, (max-width: 768px) 100vw, 768px\" \/><\/a> <a href=\"http:\/\/wsc-saale.de\/wp-content\/uploads\/IMG-20220814-WA0018.jpg\"><img loading=\"lazy\" decoding=\"async\" class=\"aligncenter size-full wp-image-890\" src=\"http:\/\/wsc-saale.de\/wp-content\/uploads\/IMG-20220814-WA0018.jpg\" alt=\"IMG-20220814-WA0018\" width=\"768\" height=\"1024\" srcset=\"http:\/\/wsc-saale.de\/wp-content\/uploads\/IMG-20220814-WA0018.jpg 768w, http:\/\/wsc-saale.de\/wp-content\/uploads\/IMG-20220814-WA0018-225x300.jpg 225w\" sizes=\"auto, (max-width: 768px) 100vw, 768px\" \/><\/a> <a href=\"http:\/\/wsc-saale.de\/wp-content\/uploads\/IMG-20220814-WA0021.jpg\"><img loading=\"lazy\" decoding=\"async\" class=\"aligncenter size-full wp-image-891\" src=\"http:\/\/wsc-saale.de\/wp-content\/uploads\/IMG-20220814-WA0021.jpg\" alt=\"IMG-20220814-WA0021\" width=\"768\" height=\"1024\" srcset=\"http:\/\/wsc-saale.de\/wp-content\/uploads\/IMG-20220814-WA0021.jpg 768w, http:\/\/wsc-saale.de\/wp-content\/uploads\/IMG-20220814-WA0021-225x300.jpg 225w\" sizes=\"auto, (max-width: 768px) 100vw, 768px\" \/><\/a> <a href=\"http:\/\/wsc-saale.de\/wp-content\/uploads\/IMG-20220814-WA0024.jpg\"><img loading=\"lazy\" decoding=\"async\" class=\"aligncenter size-full wp-image-892\" src=\"http:\/\/wsc-saale.de\/wp-content\/uploads\/IMG-20220814-WA0024.jpg\" alt=\"IMG-20220814-WA0024\" width=\"768\" height=\"1024\" srcset=\"http:\/\/wsc-saale.de\/wp-content\/uploads\/IMG-20220814-WA0024.jpg 768w, http:\/\/wsc-saale.de\/wp-content\/uploads\/IMG-20220814-WA0024-225x300.jpg 225w\" sizes=\"auto, (max-width: 768px) 100vw, 768px\" \/><\/a> <a href=\"http:\/\/wsc-saale.de\/wp-content\/uploads\/IMG-20220814-WA0025.jpg\"><img loading=\"lazy\" decoding=\"async\" class=\"aligncenter size-full wp-image-893\" src=\"http:\/\/wsc-saale.de\/wp-content\/uploads\/IMG-20220814-WA0025.jpg\" alt=\"IMG-20220814-WA0025\" width=\"828\" height=\"827\" srcset=\"http:\/\/wsc-saale.de\/wp-content\/uploads\/IMG-20220814-WA0025.jpg 828w, http:\/\/wsc-saale.de\/wp-content\/uploads\/IMG-20220814-WA0025-150x150.jpg 150w, http:\/\/wsc-saale.de\/wp-content\/uploads\/IMG-20220814-WA0025-300x300.jpg 300w, http:\/\/wsc-saale.de\/wp-content\/uploads\/IMG-20220814-WA0025-768x767.jpg 768w\" sizes=\"auto, (max-width: 828px) 100vw, 828px\" \/><\/a><\/p>\n<div style=\"width: 474px;\" class=\"wp-video\"><!--[if lt IE 9]><script>document.createElement('video');<\/script><![endif]-->\n<video class=\"wp-video-shortcode\" id=\"video-878-1\" width=\"474\" height=\"261\" preload=\"metadata\" controls=\"controls\"><source type=\"video\/mp4\" src=\"http:\/\/wsc-saale.de\/wp-content\/uploads\/VID-20220814-WA0027.mp4?_=1\" \/><a href=\"http:\/\/wsc-saale.de\/wp-content\/uploads\/VID-20220814-WA0027.mp4\">http:\/\/wsc-saale.de\/wp-content\/uploads\/VID-20220814-WA0027.mp4<\/a><\/video><\/div>\n<p>&nbsp;<\/p>\n","protected":false},"excerpt":{"rendered":"<p>Zur Europameisterschaft in Griechenland liefen zwei unserer Vereinsmitglieder sehr erfolgreich f\u00fcr die deutsche Nationalmannschaft. Sportsfreundin Maja Leonhardt startete in der U14 und errang im Slalom den 13ten-, im Trick den 17ten- und im Springen den 12ten Platz unter den 23 Teilnehmern. Sportsfreund Pepe Leonhardt belegte ebenfalls in der U 14 den 2. Platz im Slalom, &hellip; <a href=\"http:\/\/wsc-saale.de\/?page_id=878\" class=\"more-link\"><span class=\"screen-reader-text\">unsere Sportler erfolgreich unterwegs f\u00fcr die deutsche Nationalmannschaft<\/span> weiterlesen <span class=\"meta-nav\">&rarr;<\/span><\/a><\/p>\n","protected":false},"author":587,"featured_media":0,"parent":0,"menu_order":0,"comment_status":"closed","ping_status":"closed","template":"","meta":{"footnotes":""},"class_list":["post-878","page","type-page","status-publish","hentry"],"_links":{"self":[{"href":"http:\/\/wsc-saale.de\/index.php?rest_route=\/wp\/v2\/pages\/878","targetHints":{"allow":["GET"]}}],"collection":[{"href":"http:\/\/wsc-saale.de\/index.php?rest_route=\/wp\/v2\/pages"}],"about":[{"href":"http:\/\/wsc-saale.de\/index.php?rest_route=\/wp\/v2\/types\/page"}],"author":[{"embeddable":true,"href":"http:\/\/wsc-saale.de\/index.php?rest_route=\/wp\/v2\/users\/587"}],"replies":[{"embeddable":true,"href":"http:\/\/wsc-saale.de\/index.php?rest_route=%2Fwp%2Fv2%2Fcomments&post=878"}],"version-history":[{"count":4,"href":"http:\/\/wsc-saale.de\/index.php?rest_route=\/wp\/v2\/pages\/878\/revisions"}],"predecessor-version":[{"id":899,"href":"http:\/\/wsc-saale.de\/index.php?rest_route=\/wp\/v2\/pages\/878\/revisions\/899"}],"wp:attachment":[{"href":"http:\/\/wsc-saale.de\/index.php?rest_route=%2Fwp%2Fv2%2Fmedia&parent=878"}],"curies":[{"name":"wp","href":"https:\/\/api.w.org\/{rel}","templated":true}]}}