{"id":168,"date":"2018-02-24T23:22:39","date_gmt":"2018-02-24T22:22:39","guid":{"rendered":"http:\/\/wsc-saale.de\/?page_id=168"},"modified":"2018-03-21T20:26:39","modified_gmt":"2018-03-21T19:26:39","slug":"impressum","status":"publish","type":"page","link":"http:\/\/wsc-saale.de\/?page_id=168","title":{"rendered":"Impressum"},"content":{"rendered":"<p style=\"text-align: justify;\"><strong>Vereinsname:<\/strong><\/p>\n<p style=\"text-align: justify;\">Wasserskiclub &#8222;Saale&#8220; e.V.<\/p>\n<p style=\"text-align: justify;\"><strong>Sitz des Vereins:<\/strong><\/p>\n<p style=\"text-align: justify;\">Am Tauschwitzer Bach 23, 07318 Saalfeld (Saale)<\/p>\n<p style=\"text-align: justify;\">\u00a0 f: 0171 5303565<\/p>\n<p style=\"text-align: justify;\">to: team@wsc-saale.de<\/p>\n<p style=\"text-align: justify;\"><strong>Vorstand:<\/strong><\/p>\n<p style=\"text-align: justify;\">Michael Patschke, Vorstandsvorsitzender<\/p>\n<p style=\"text-align: justify;\">Thomas Sennewald, 1. Stellvertreter<\/p>\n<p style=\"text-align: justify;\"><strong>Vereinsregister-Nr.:<\/strong> 270082<\/p>\n<p style=\"text-align: justify;\"><strong>Registergericht:<\/strong> Amtsgericht Rudolstadt<\/p>\n<p style=\"text-align: justify;\"><strong>Verantwortlich f\u00fcr den Inhalt i.S.d.\u00a7 55 II RStV:<\/strong><\/p>\n<p style=\"text-align: justify;\">Stefan Knabe<\/p>\n<p style=\"text-align: justify;\"><strong>Grafikdesign<br \/>\n<\/strong><\/p>\n<p style=\"text-align: justify;\">\u00a9 2016 &#8211; Nick Neuendorf<\/p>\n<p style=\"text-align: justify;\"><strong>1. Haftungsbeschr\u00e4nkung:<\/strong><\/p>\n<p style=\"text-align: justify;\">Die Inhalte dieser Website werden mit gr\u00f6\u00dftm\u00f6glicher Sorgfalt erstellt. Der Verein \u00fcbernimmt jedoch keine Gew\u00e4hr f\u00fcr die Richtigkeit, Vollst\u00e4ndigkeit und Aktualit\u00e4t der bereitgestellten Inhalte. Die Nutzung der Inhalte der Website erfolgt auf eigene Gefahr.<\/p>\n<p style=\"text-align: justify;\"><strong>2. Externe Links:<\/strong><\/p>\n<p style=\"text-align: justify;\">Diese Website enth\u00e4lt Verkn\u00fcpfungen zu Websites Dritter (&#8222;externe Links&#8220;). Diese Websites unterliegen der Haftung der jeweiligen Betreiber. Der Verein hat bei der erstmaligen Verkn\u00fcpfung der externen Links die fremden Inhalte daraufhin \u00fcberpr\u00fcft, ob etwaige Rechtsverst\u00f6\u00dfe bestehen. Zu diesem Zeitpunkt waren keine Rechtsverst\u00f6\u00dfe ersichtlich. Der Verein hat keinerlei Einfluss auf die aktuelle und zuk\u00fcnftige Gestaltung und auf die Inhalte der verkn\u00fcpften Seiten.Das Setzen von externen Links bedeutet nicht, dass sich der Verein die hinter dem Verweis oder Link liegenden Inhalte zu eigen macht. Eine st\u00e4ndige Kontrolle der externen Links ist f\u00fcr den Verein ohne\u00a0 konkrete Hinweise auf Rechtsverst\u00f6\u00dfe nicht zumutbar. Bei Kenntnis von Rechtsverst\u00f6\u00dfen werden jedoch derartige externe Links unverz\u00fcglich gel\u00f6scht.<\/p>\n","protected":false},"excerpt":{"rendered":"<p>Vereinsname: Wasserskiclub &#8222;Saale&#8220; e.V. Sitz des Vereins: Am Tauschwitzer Bach 23, 07318 Saalfeld (Saale) \u00a0 f: 0171 5303565 to: team@wsc-saale.de Vorstand: Michael Patschke, Vorstandsvorsitzender Thomas Sennewald, 1. Stellvertreter Vereinsregister-Nr.: 270082 Registergericht: Amtsgericht Rudolstadt Verantwortlich f\u00fcr den Inhalt i.S.d.\u00a7 55 II RStV: Stefan Knabe Grafikdesign \u00a9 2016 &#8211; Nick Neuendorf 1. Haftungsbeschr\u00e4nkung: Die Inhalte dieser Website &hellip; <a href=\"http:\/\/wsc-saale.de\/?page_id=168\" class=\"more-link\"><span class=\"screen-reader-text\">Impressum<\/span> weiterlesen <span class=\"meta-nav\">&rarr;<\/span><\/a><\/p>\n","protected":false},"author":586,"featured_media":0,"parent":0,"menu_order":0,"comment_status":"closed","ping_status":"closed","template":"","meta":{"footnotes":""},"class_list":["post-168","page","type-page","status-publish","hentry"],"_links":{"self":[{"href":"http:\/\/wsc-saale.de\/index.php?rest_route=\/wp\/v2\/pages\/168","targetHints":{"allow":["GET"]}}],"collection":[{"href":"http:\/\/wsc-saale.de\/index.php?rest_route=\/wp\/v2\/pages"}],"about":[{"href":"http:\/\/wsc-saale.de\/index.php?rest_route=\/wp\/v2\/types\/page"}],"author":[{"embeddable":true,"href":"http:\/\/wsc-saale.de\/index.php?rest_route=\/wp\/v2\/users\/586"}],"replies":[{"embeddable":true,"href":"http:\/\/wsc-saale.de\/index.php?rest_route=%2Fwp%2Fv2%2Fcomments&post=168"}],"version-history":[{"count":6,"href":"http:\/\/wsc-saale.de\/index.php?rest_route=\/wp\/v2\/pages\/168\/revisions"}],"predecessor-version":[{"id":196,"href":"http:\/\/wsc-saale.de\/index.php?rest_route=\/wp\/v2\/pages\/168\/revisions\/196"}],"wp:attachment":[{"href":"http:\/\/wsc-saale.de\/index.php?rest_route=%2Fwp%2Fv2%2Fmedia&parent=168"}],"curies":[{"name":"wp","href":"https:\/\/api.w.org\/{rel}","templated":true}]}}