{"id":1262,"date":"2026-04-12T13:15:41","date_gmt":"2026-04-12T11:15:41","guid":{"rendered":"http:\/\/wsc-saale.de\/?page_id=1262"},"modified":"2026-04-12T17:48:23","modified_gmt":"2026-04-12T15:48:23","slug":"unser-verein-vertreten-durch-unser-mitglied-maja-leonhardt-bei-der-wasserski-weltmeisterschaft-ausgetragen-in-argentienien","status":"publish","type":"page","link":"http:\/\/wsc-saale.de\/?page_id=1262","title":{"rendered":"Unser Verein vertreten durch unser Mitglied Maja Leonhardt bei der Wasserski Weltmeisterschaft ausgetragen in Argentienien"},"content":{"rendered":"\n<p>Mit erst 14 Jahren nahm unsere Maja an der U17 Weltmeisterschaft in Argentinien teil und erzielte hervorragende Ergebnisse. Bei ihrer Premiere belegte Maja zwei Top-10- Platzierungen in den Einzeldisziplinen und wurde Siebte im Gesamtklassement. So zog sie mit Rang 10 im Trick 454,44 Punkte, im Springen 763,51 Punkten und mit Platz 11 im Slalom mit 766,67 Punkten jeweils souver\u00e4n in das Finale ein und lie\u00df 25 Konkurrentinnen hinter sich. Im Springen verbesserte sie sogar ihre pers\u00f6nliche Bestleistung auf 35,60 Meter.<\/p>\n\n\n\n<p>Herzlich Gl\u00fcckwunsch im Namen des gesamt WSC-Saale e.V.. Wir sind alle sehr stolz auf deine erreichten Leistungen und stehen fest hinter dir.<\/p>\n\n\n\n<figure class=\"wp-block-gallery has-nested-images columns-default is-cropped wp-block-gallery-1 is-layout-flex wp-block-gallery-is-layout-flex\">\n<figure class=\"wp-block-image size-large\"><img loading=\"lazy\" decoding=\"async\" width=\"360\" height=\"566\" data-id=\"1322\" src=\"http:\/\/wsc-saale.de\/wp-content\/uploads\/e85fb4fc-f79f-4e3f-80ea-d2b4e38fbbdb-1.jpg\" alt=\"\" class=\"wp-image-1322\" srcset=\"http:\/\/wsc-saale.de\/wp-content\/uploads\/e85fb4fc-f79f-4e3f-80ea-d2b4e38fbbdb-1.jpg 360w, http:\/\/wsc-saale.de\/wp-content\/uploads\/e85fb4fc-f79f-4e3f-80ea-d2b4e38fbbdb-1-191x300.jpg 191w\" sizes=\"auto, (max-width: 360px) 100vw, 360px\" \/><\/figure>\n\n\n\n<figure class=\"wp-block-image size-large\"><img loading=\"lazy\" decoding=\"async\" width=\"360\" height=\"472\" data-id=\"1300\" src=\"http:\/\/wsc-saale.de\/wp-content\/uploads\/2b46b7f3-9c23-4add-854f-a55fcf8bc2bb-1.jpg\" alt=\"\" class=\"wp-image-1300\" srcset=\"http:\/\/wsc-saale.de\/wp-content\/uploads\/2b46b7f3-9c23-4add-854f-a55fcf8bc2bb-1.jpg 360w, http:\/\/wsc-saale.de\/wp-content\/uploads\/2b46b7f3-9c23-4add-854f-a55fcf8bc2bb-1-229x300.jpg 229w\" sizes=\"auto, (max-width: 360px) 100vw, 360px\" \/><\/figure>\n\n\n\n<figure class=\"wp-block-image size-large\"><img loading=\"lazy\" decoding=\"async\" width=\"360\" height=\"474\" data-id=\"1301\" src=\"http:\/\/wsc-saale.de\/wp-content\/uploads\/1bd07f8d-0e18-4d5f-8bd3-46fa3ffb4e39-2.jpg\" alt=\"\" class=\"wp-image-1301\" srcset=\"http:\/\/wsc-saale.de\/wp-content\/uploads\/1bd07f8d-0e18-4d5f-8bd3-46fa3ffb4e39-2.jpg 360w, http:\/\/wsc-saale.de\/wp-content\/uploads\/1bd07f8d-0e18-4d5f-8bd3-46fa3ffb4e39-2-228x300.jpg 228w\" sizes=\"auto, (max-width: 360px) 100vw, 360px\" \/><\/figure>\n\n\n\n<figure class=\"wp-block-image size-large\"><img loading=\"lazy\" decoding=\"async\" width=\"768\" height=\"1024\" data-id=\"1305\" src=\"http:\/\/wsc-saale.de\/wp-content\/uploads\/02e95269-a2cc-431a-9756-b073c231aac1-1-768x1024.jpg\" alt=\"\" class=\"wp-image-1305\" srcset=\"http:\/\/wsc-saale.de\/wp-content\/uploads\/02e95269-a2cc-431a-9756-b073c231aac1-1-768x1024.jpg 768w, http:\/\/wsc-saale.de\/wp-content\/uploads\/02e95269-a2cc-431a-9756-b073c231aac1-1-225x300.jpg 225w, http:\/\/wsc-saale.de\/wp-content\/uploads\/02e95269-a2cc-431a-9756-b073c231aac1-1-1152x1536.jpg 1152w, http:\/\/wsc-saale.de\/wp-content\/uploads\/02e95269-a2cc-431a-9756-b073c231aac1-1.jpg 1536w\" sizes=\"auto, (max-width: 768px) 100vw, 768px\" \/><\/figure>\n\n\n\n<figure class=\"wp-block-image size-large\"><img loading=\"lazy\" decoding=\"async\" width=\"359\" height=\"472\" data-id=\"1302\" src=\"http:\/\/wsc-saale.de\/wp-content\/uploads\/4bdcb51f-e28c-41e4-89ed-0cb148ec654b-1.jpg\" alt=\"\" class=\"wp-image-1302\" srcset=\"http:\/\/wsc-saale.de\/wp-content\/uploads\/4bdcb51f-e28c-41e4-89ed-0cb148ec654b-1.jpg 359w, http:\/\/wsc-saale.de\/wp-content\/uploads\/4bdcb51f-e28c-41e4-89ed-0cb148ec654b-1-228x300.jpg 228w\" sizes=\"auto, (max-width: 359px) 100vw, 359px\" \/><\/figure>\n\n\n\n<figure class=\"wp-block-image size-large\"><img loading=\"lazy\" decoding=\"async\" width=\"768\" height=\"1024\" data-id=\"1304\" src=\"http:\/\/wsc-saale.de\/wp-content\/uploads\/5b20c15e-902d-4ea1-85d2-96ba9d218b79-1-768x1024.jpg\" alt=\"\" class=\"wp-image-1304\" srcset=\"http:\/\/wsc-saale.de\/wp-content\/uploads\/5b20c15e-902d-4ea1-85d2-96ba9d218b79-1-768x1024.jpg 768w, http:\/\/wsc-saale.de\/wp-content\/uploads\/5b20c15e-902d-4ea1-85d2-96ba9d218b79-1-225x300.jpg 225w, http:\/\/wsc-saale.de\/wp-content\/uploads\/5b20c15e-902d-4ea1-85d2-96ba9d218b79-1-1152x1536.jpg 1152w, http:\/\/wsc-saale.de\/wp-content\/uploads\/5b20c15e-902d-4ea1-85d2-96ba9d218b79-1.jpg 1536w\" sizes=\"auto, (max-width: 768px) 100vw, 768px\" \/><\/figure>\n\n\n\n<figure class=\"wp-block-image size-large\"><img loading=\"lazy\" decoding=\"async\" width=\"480\" height=\"360\" data-id=\"1303\" src=\"http:\/\/wsc-saale.de\/wp-content\/uploads\/8b321ae1-e998-47e0-9fa0-7f34288528be-1.jpg\" alt=\"\" class=\"wp-image-1303\" srcset=\"http:\/\/wsc-saale.de\/wp-content\/uploads\/8b321ae1-e998-47e0-9fa0-7f34288528be-1.jpg 480w, http:\/\/wsc-saale.de\/wp-content\/uploads\/8b321ae1-e998-47e0-9fa0-7f34288528be-1-300x225.jpg 300w\" sizes=\"auto, (max-width: 480px) 100vw, 480px\" \/><\/figure>\n\n\n\n<figure class=\"wp-block-image size-large\"><img loading=\"lazy\" decoding=\"async\" width=\"768\" height=\"1024\" data-id=\"1310\" src=\"http:\/\/wsc-saale.de\/wp-content\/uploads\/47a4da0e-3ddf-4f36-b7bb-60867dc399d8-1-768x1024.jpg\" alt=\"\" class=\"wp-image-1310\" srcset=\"http:\/\/wsc-saale.de\/wp-content\/uploads\/47a4da0e-3ddf-4f36-b7bb-60867dc399d8-1-768x1024.jpg 768w, http:\/\/wsc-saale.de\/wp-content\/uploads\/47a4da0e-3ddf-4f36-b7bb-60867dc399d8-1-225x300.jpg 225w, http:\/\/wsc-saale.de\/wp-content\/uploads\/47a4da0e-3ddf-4f36-b7bb-60867dc399d8-1-1152x1536.jpg 1152w, http:\/\/wsc-saale.de\/wp-content\/uploads\/47a4da0e-3ddf-4f36-b7bb-60867dc399d8-1.jpg 1536w\" sizes=\"auto, (max-width: 768px) 100vw, 768px\" \/><\/figure>\n\n\n\n<figure class=\"wp-block-image size-large\"><img loading=\"lazy\" decoding=\"async\" width=\"768\" height=\"1024\" data-id=\"1308\" src=\"http:\/\/wsc-saale.de\/wp-content\/uploads\/098c7295-9aee-4948-acfe-cf6e2c8d161a-1-768x1024.jpg\" alt=\"\" class=\"wp-image-1308\" srcset=\"http:\/\/wsc-saale.de\/wp-content\/uploads\/098c7295-9aee-4948-acfe-cf6e2c8d161a-1-768x1024.jpg 768w, http:\/\/wsc-saale.de\/wp-content\/uploads\/098c7295-9aee-4948-acfe-cf6e2c8d161a-1-225x300.jpg 225w, http:\/\/wsc-saale.de\/wp-content\/uploads\/098c7295-9aee-4948-acfe-cf6e2c8d161a-1-1152x1536.jpg 1152w, http:\/\/wsc-saale.de\/wp-content\/uploads\/098c7295-9aee-4948-acfe-cf6e2c8d161a-1.jpg 1536w\" sizes=\"auto, (max-width: 768px) 100vw, 768px\" \/><\/figure>\n\n\n\n<figure class=\"wp-block-image size-large\"><img loading=\"lazy\" decoding=\"async\" width=\"360\" height=\"480\" data-id=\"1306\" src=\"http:\/\/wsc-saale.de\/wp-content\/uploads\/724bafb6-6bc1-4c21-88cb-7226106a57e2-1.jpg\" alt=\"\" class=\"wp-image-1306\" srcset=\"http:\/\/wsc-saale.de\/wp-content\/uploads\/724bafb6-6bc1-4c21-88cb-7226106a57e2-1.jpg 360w, http:\/\/wsc-saale.de\/wp-content\/uploads\/724bafb6-6bc1-4c21-88cb-7226106a57e2-1-225x300.jpg 225w\" sizes=\"auto, (max-width: 360px) 100vw, 360px\" \/><\/figure>\n\n\n\n<figure class=\"wp-block-image size-large\"><img loading=\"lazy\" decoding=\"async\" width=\"480\" height=\"360\" data-id=\"1307\" src=\"http:\/\/wsc-saale.de\/wp-content\/uploads\/05746fa4-2c02-4835-9846-626440472e09-1.jpg\" alt=\"\" class=\"wp-image-1307\" srcset=\"http:\/\/wsc-saale.de\/wp-content\/uploads\/05746fa4-2c02-4835-9846-626440472e09-1.jpg 480w, http:\/\/wsc-saale.de\/wp-content\/uploads\/05746fa4-2c02-4835-9846-626440472e09-1-300x225.jpg 300w\" sizes=\"auto, (max-width: 480px) 100vw, 480px\" \/><\/figure>\n\n\n\n<figure class=\"wp-block-image size-large\"><img loading=\"lazy\" decoding=\"async\" width=\"359\" height=\"466\" data-id=\"1309\" src=\"http:\/\/wsc-saale.de\/wp-content\/uploads\/9329fca6-0585-475d-a419-7fd68e62b47f-1.jpg\" alt=\"\" class=\"wp-image-1309\" srcset=\"http:\/\/wsc-saale.de\/wp-content\/uploads\/9329fca6-0585-475d-a419-7fd68e62b47f-1.jpg 359w, http:\/\/wsc-saale.de\/wp-content\/uploads\/9329fca6-0585-475d-a419-7fd68e62b47f-1-231x300.jpg 231w\" sizes=\"auto, (max-width: 359px) 100vw, 359px\" \/><\/figure>\n\n\n\n<figure class=\"wp-block-image size-large\"><img loading=\"lazy\" decoding=\"async\" width=\"768\" height=\"1024\" data-id=\"1311\" src=\"http:\/\/wsc-saale.de\/wp-content\/uploads\/848972fc-35d2-4b08-8c8f-302fde90bbbc-1-768x1024.jpg\" alt=\"\" class=\"wp-image-1311\" srcset=\"http:\/\/wsc-saale.de\/wp-content\/uploads\/848972fc-35d2-4b08-8c8f-302fde90bbbc-1-768x1024.jpg 768w, http:\/\/wsc-saale.de\/wp-content\/uploads\/848972fc-35d2-4b08-8c8f-302fde90bbbc-1-225x300.jpg 225w, http:\/\/wsc-saale.de\/wp-content\/uploads\/848972fc-35d2-4b08-8c8f-302fde90bbbc-1-1152x1536.jpg 1152w, http:\/\/wsc-saale.de\/wp-content\/uploads\/848972fc-35d2-4b08-8c8f-302fde90bbbc-1.jpg 1536w\" sizes=\"auto, (max-width: 768px) 100vw, 768px\" \/><\/figure>\n\n\n\n<figure class=\"wp-block-image size-large\"><img loading=\"lazy\" decoding=\"async\" width=\"360\" height=\"480\" data-id=\"1312\" src=\"http:\/\/wsc-saale.de\/wp-content\/uploads\/30364155-d8d6-4568-8205-ed52da061440-1.jpg\" alt=\"\" class=\"wp-image-1312\" srcset=\"http:\/\/wsc-saale.de\/wp-content\/uploads\/30364155-d8d6-4568-8205-ed52da061440-1.jpg 360w, http:\/\/wsc-saale.de\/wp-content\/uploads\/30364155-d8d6-4568-8205-ed52da061440-1-225x300.jpg 225w\" sizes=\"auto, (max-width: 360px) 100vw, 360px\" \/><\/figure>\n\n\n\n<figure class=\"wp-block-image size-large\"><img loading=\"lazy\" decoding=\"async\" width=\"360\" height=\"480\" data-id=\"1313\" src=\"http:\/\/wsc-saale.de\/wp-content\/uploads\/a4c58e4b-b022-428e-be1c-b6d74e2a62d3.jpg\" alt=\"\" class=\"wp-image-1313\" srcset=\"http:\/\/wsc-saale.de\/wp-content\/uploads\/a4c58e4b-b022-428e-be1c-b6d74e2a62d3.jpg 360w, http:\/\/wsc-saale.de\/wp-content\/uploads\/a4c58e4b-b022-428e-be1c-b6d74e2a62d3-225x300.jpg 225w\" sizes=\"auto, (max-width: 360px) 100vw, 360px\" \/><\/figure>\n\n\n\n<figure class=\"wp-block-image size-large\"><img loading=\"lazy\" decoding=\"async\" width=\"768\" height=\"1024\" data-id=\"1314\" src=\"http:\/\/wsc-saale.de\/wp-content\/uploads\/ad4ca0fc-d3ee-4dfc-8fa1-b2f52e5df2f5-1-768x1024.jpg\" alt=\"\" class=\"wp-image-1314\" srcset=\"http:\/\/wsc-saale.de\/wp-content\/uploads\/ad4ca0fc-d3ee-4dfc-8fa1-b2f52e5df2f5-1-768x1024.jpg 768w, http:\/\/wsc-saale.de\/wp-content\/uploads\/ad4ca0fc-d3ee-4dfc-8fa1-b2f52e5df2f5-1-225x300.jpg 225w, http:\/\/wsc-saale.de\/wp-content\/uploads\/ad4ca0fc-d3ee-4dfc-8fa1-b2f52e5df2f5-1-1152x1536.jpg 1152w, http:\/\/wsc-saale.de\/wp-content\/uploads\/ad4ca0fc-d3ee-4dfc-8fa1-b2f52e5df2f5-1.jpg 1200w\" sizes=\"auto, (max-width: 768px) 100vw, 768px\" \/><\/figure>\n\n\n\n<figure class=\"wp-block-image size-large\"><img loading=\"lazy\" decoding=\"async\" width=\"546\" height=\"360\" data-id=\"1315\" src=\"http:\/\/wsc-saale.de\/wp-content\/uploads\/afea876e-24af-451f-b246-b177784e10f5-1.jpg\" alt=\"\" class=\"wp-image-1315\" srcset=\"http:\/\/wsc-saale.de\/wp-content\/uploads\/afea876e-24af-451f-b246-b177784e10f5-1.jpg 546w, http:\/\/wsc-saale.de\/wp-content\/uploads\/afea876e-24af-451f-b246-b177784e10f5-1-300x198.jpg 300w\" sizes=\"auto, (max-width: 546px) 100vw, 546px\" \/><\/figure>\n\n\n\n<figure class=\"wp-block-image size-large\"><img loading=\"lazy\" decoding=\"async\" width=\"768\" height=\"1024\" data-id=\"1317\" src=\"http:\/\/wsc-saale.de\/wp-content\/uploads\/b12b788e-3cb9-427e-a540-76c6aaf1689e-1-768x1024.jpg\" alt=\"\" class=\"wp-image-1317\" srcset=\"http:\/\/wsc-saale.de\/wp-content\/uploads\/b12b788e-3cb9-427e-a540-76c6aaf1689e-1-768x1024.jpg 768w, http:\/\/wsc-saale.de\/wp-content\/uploads\/b12b788e-3cb9-427e-a540-76c6aaf1689e-1-225x300.jpg 225w, http:\/\/wsc-saale.de\/wp-content\/uploads\/b12b788e-3cb9-427e-a540-76c6aaf1689e-1-1152x1536.jpg 1152w, http:\/\/wsc-saale.de\/wp-content\/uploads\/b12b788e-3cb9-427e-a540-76c6aaf1689e-1.jpg 1536w\" sizes=\"auto, (max-width: 768px) 100vw, 768px\" \/><\/figure>\n\n\n\n<figure class=\"wp-block-image size-large\"><img loading=\"lazy\" decoding=\"async\" width=\"480\" height=\"360\" data-id=\"1316\" src=\"http:\/\/wsc-saale.de\/wp-content\/uploads\/c7cb9a2e-6c61-4c73-bef2-fbb3185f1d10-1.jpg\" alt=\"\" class=\"wp-image-1316\" srcset=\"http:\/\/wsc-saale.de\/wp-content\/uploads\/c7cb9a2e-6c61-4c73-bef2-fbb3185f1d10-1.jpg 480w, http:\/\/wsc-saale.de\/wp-content\/uploads\/c7cb9a2e-6c61-4c73-bef2-fbb3185f1d10-1-300x225.jpg 300w\" sizes=\"auto, (max-width: 480px) 100vw, 480px\" \/><\/figure>\n\n\n\n<figure class=\"wp-block-image size-large\"><img loading=\"lazy\" decoding=\"async\" width=\"768\" height=\"1024\" data-id=\"1318\" src=\"http:\/\/wsc-saale.de\/wp-content\/uploads\/ce32433b-6336-473b-9ddc-8819bbc48adc-768x1024.jpg\" alt=\"\" class=\"wp-image-1318\" srcset=\"http:\/\/wsc-saale.de\/wp-content\/uploads\/ce32433b-6336-473b-9ddc-8819bbc48adc-768x1024.jpg 768w, http:\/\/wsc-saale.de\/wp-content\/uploads\/ce32433b-6336-473b-9ddc-8819bbc48adc-225x300.jpg 225w, http:\/\/wsc-saale.de\/wp-content\/uploads\/ce32433b-6336-473b-9ddc-8819bbc48adc-1152x1536.jpg 1152w, http:\/\/wsc-saale.de\/wp-content\/uploads\/ce32433b-6336-473b-9ddc-8819bbc48adc.jpg 1200w\" sizes=\"auto, (max-width: 768px) 100vw, 768px\" \/><\/figure>\n\n\n\n<figure class=\"wp-block-image size-large\"><img loading=\"lazy\" decoding=\"async\" width=\"360\" height=\"476\" data-id=\"1319\" src=\"http:\/\/wsc-saale.de\/wp-content\/uploads\/d1bb8f64-ce48-42f6-a7a2-ef0d6e619361-1.jpg\" alt=\"\" class=\"wp-image-1319\" srcset=\"http:\/\/wsc-saale.de\/wp-content\/uploads\/d1bb8f64-ce48-42f6-a7a2-ef0d6e619361-1.jpg 360w, http:\/\/wsc-saale.de\/wp-content\/uploads\/d1bb8f64-ce48-42f6-a7a2-ef0d6e619361-1-227x300.jpg 227w\" sizes=\"auto, (max-width: 360px) 100vw, 360px\" \/><\/figure>\n\n\n\n<figure class=\"wp-block-image size-large\"><img loading=\"lazy\" decoding=\"async\" width=\"584\" height=\"1024\" data-id=\"1320\" src=\"http:\/\/wsc-saale.de\/wp-content\/uploads\/d5fd2dbc-70aa-4563-914e-27dd1dd57a18-1-584x1024.jpg\" alt=\"\" class=\"wp-image-1320\" srcset=\"http:\/\/wsc-saale.de\/wp-content\/uploads\/d5fd2dbc-70aa-4563-914e-27dd1dd57a18-1-584x1024.jpg 584w, http:\/\/wsc-saale.de\/wp-content\/uploads\/d5fd2dbc-70aa-4563-914e-27dd1dd57a18-1-171x300.jpg 171w, http:\/\/wsc-saale.de\/wp-content\/uploads\/d5fd2dbc-70aa-4563-914e-27dd1dd57a18-1-768x1346.jpg 768w, http:\/\/wsc-saale.de\/wp-content\/uploads\/d5fd2dbc-70aa-4563-914e-27dd1dd57a18-1-876x1536.jpg 876w, http:\/\/wsc-saale.de\/wp-content\/uploads\/d5fd2dbc-70aa-4563-914e-27dd1dd57a18-1.jpg 913w\" sizes=\"auto, (max-width: 584px) 100vw, 584px\" \/><\/figure>\n\n\n\n<figure class=\"wp-block-image size-large\"><img loading=\"lazy\" decoding=\"async\" width=\"640\" height=\"360\" data-id=\"1321\" src=\"http:\/\/wsc-saale.de\/wp-content\/uploads\/d26b3b29-f69f-499c-8e70-5a47a567ab9c-1.jpg\" alt=\"\" class=\"wp-image-1321\" srcset=\"http:\/\/wsc-saale.de\/wp-content\/uploads\/d26b3b29-f69f-499c-8e70-5a47a567ab9c-1.jpg 640w, http:\/\/wsc-saale.de\/wp-content\/uploads\/d26b3b29-f69f-499c-8e70-5a47a567ab9c-1-300x169.jpg 300w\" sizes=\"auto, (max-width: 640px) 100vw, 640px\" \/><\/figure>\n\n\n\n<figure class=\"wp-block-image size-large\"><img loading=\"lazy\" decoding=\"async\" width=\"768\" height=\"1024\" data-id=\"1323\" src=\"http:\/\/wsc-saale.de\/wp-content\/uploads\/ecbd5c79-d3ae-4cc5-b3be-af87f49fc143-1-768x1024.jpg\" alt=\"\" class=\"wp-image-1323\" srcset=\"http:\/\/wsc-saale.de\/wp-content\/uploads\/ecbd5c79-d3ae-4cc5-b3be-af87f49fc143-1-768x1024.jpg 768w, http:\/\/wsc-saale.de\/wp-content\/uploads\/ecbd5c79-d3ae-4cc5-b3be-af87f49fc143-1-225x300.jpg 225w, http:\/\/wsc-saale.de\/wp-content\/uploads\/ecbd5c79-d3ae-4cc5-b3be-af87f49fc143-1-1152x1536.jpg 1152w, http:\/\/wsc-saale.de\/wp-content\/uploads\/ecbd5c79-d3ae-4cc5-b3be-af87f49fc143-1.jpg 1536w\" sizes=\"auto, (max-width: 768px) 100vw, 768px\" \/><\/figure>\n\n\n\n<figure class=\"wp-block-image size-large\"><img loading=\"lazy\" decoding=\"async\" width=\"360\" height=\"476\" data-id=\"1324\" src=\"http:\/\/wsc-saale.de\/wp-content\/uploads\/f78f20ff-4d3c-4a53-932f-33c4c39ccded-1.jpg\" alt=\"\" class=\"wp-image-1324\" srcset=\"http:\/\/wsc-saale.de\/wp-content\/uploads\/f78f20ff-4d3c-4a53-932f-33c4c39ccded-1.jpg 360w, http:\/\/wsc-saale.de\/wp-content\/uploads\/f78f20ff-4d3c-4a53-932f-33c4c39ccded-1-227x300.jpg 227w\" sizes=\"auto, (max-width: 360px) 100vw, 360px\" \/><\/figure>\n<\/figure>\n","protected":false},"excerpt":{"rendered":"<p>Mit erst 14 Jahren nahm unsere Maja an der U17 Weltmeisterschaft in Argentinien teil und erzielte hervorragende Ergebnisse. Bei ihrer Premiere belegte Maja zwei Top-10- Platzierungen in den Einzeldisziplinen und wurde Siebte im Gesamtklassement. So zog sie mit Rang 10 im Trick 454,44 Punkte, im Springen 763,51 Punkten und mit Platz 11 im Slalom mit &hellip; <a href=\"http:\/\/wsc-saale.de\/?page_id=1262\" class=\"more-link\"><span class=\"screen-reader-text\">Unser Verein vertreten durch unser Mitglied Maja Leonhardt bei der Wasserski Weltmeisterschaft ausgetragen in Argentienien<\/span> weiterlesen <span class=\"meta-nav\">&rarr;<\/span><\/a><\/p>\n","protected":false},"author":587,"featured_media":0,"parent":0,"menu_order":0,"comment_status":"closed","ping_status":"closed","template":"","meta":{"footnotes":""},"class_list":["post-1262","page","type-page","status-publish","hentry"],"_links":{"self":[{"href":"http:\/\/wsc-saale.de\/index.php?rest_route=\/wp\/v2\/pages\/1262","targetHints":{"allow":["GET"]}}],"collection":[{"href":"http:\/\/wsc-saale.de\/index.php?rest_route=\/wp\/v2\/pages"}],"about":[{"href":"http:\/\/wsc-saale.de\/index.php?rest_route=\/wp\/v2\/types\/page"}],"author":[{"embeddable":true,"href":"http:\/\/wsc-saale.de\/index.php?rest_route=\/wp\/v2\/users\/587"}],"replies":[{"embeddable":true,"href":"http:\/\/wsc-saale.de\/index.php?rest_route=%2Fwp%2Fv2%2Fcomments&post=1262"}],"version-history":[{"count":4,"href":"http:\/\/wsc-saale.de\/index.php?rest_route=\/wp\/v2\/pages\/1262\/revisions"}],"predecessor-version":[{"id":1326,"href":"http:\/\/wsc-saale.de\/index.php?rest_route=\/wp\/v2\/pages\/1262\/revisions\/1326"}],"wp:attachment":[{"href":"http:\/\/wsc-saale.de\/index.php?rest_route=%2Fwp%2Fv2%2Fmedia&parent=1262"}],"curies":[{"name":"wp","href":"https:\/\/api.w.org\/{rel}","templated":true}]}}