{"id":1213,"date":"2025-08-28T16:36:30","date_gmt":"2025-08-28T14:36:30","guid":{"rendered":"http:\/\/wsc-saale.de\/?page_id=1213"},"modified":"2025-08-28T16:36:30","modified_gmt":"2025-08-28T14:36:30","slug":"15-jahre-kinderheim-frohe-zukunft-und-kinderhospiz","status":"publish","type":"page","link":"http:\/\/wsc-saale.de\/?page_id=1213","title":{"rendered":"15 Jahre Kinderheim Frohe Zukunft und Kinderhospiz"},"content":{"rendered":"<p>Zum 15. Mal veranstalteten wir einen sch\u00f6nen Nachmittag auf und in unserem Stausee f\u00fcr die Kinder des Kinderheims Frohe Zukunft in Verbindung mit dem Kinderhospiz Mitteldeutschland. F\u00fcr die tolle Unterst\u00fctzung zur Ausgestaltung der Veranstaltung m\u00f6chten wir\u00a0uns bei der Brauerei Saalfeld, der Fleischerei B\u00fcchner, der Polizeiinspektion Saalfeld und ans\u00e4ssigen B\u00e4ckereien bedanken .<a href=\"http:\/\/wsc-saale.de\/wp-content\/uploads\/7a108e7a-931c-4c2c-afc5-c9f446e047a6.jpg\"><img loading=\"lazy\" decoding=\"async\" class=\"aligncenter size-full wp-image-1214\" src=\"http:\/\/wsc-saale.de\/wp-content\/uploads\/7a108e7a-931c-4c2c-afc5-c9f446e047a6.jpg\" alt=\"7a108e7a-931c-4c2c-afc5-c9f446e047a6\" width=\"1200\" height=\"1600\" srcset=\"http:\/\/wsc-saale.de\/wp-content\/uploads\/7a108e7a-931c-4c2c-afc5-c9f446e047a6.jpg 1200w, http:\/\/wsc-saale.de\/wp-content\/uploads\/7a108e7a-931c-4c2c-afc5-c9f446e047a6-225x300.jpg 225w, http:\/\/wsc-saale.de\/wp-content\/uploads\/7a108e7a-931c-4c2c-afc5-c9f446e047a6-768x1024.jpg 768w\" sizes=\"auto, (max-width: 1200px) 100vw, 1200px\" \/><\/a> <a href=\"http:\/\/wsc-saale.de\/wp-content\/uploads\/c9b9e231-ed78-4dda-8929-6ae458c9df30-1.jpg\"><img loading=\"lazy\" decoding=\"async\" class=\"aligncenter size-full wp-image-1215\" src=\"http:\/\/wsc-saale.de\/wp-content\/uploads\/c9b9e231-ed78-4dda-8929-6ae458c9df30-1.jpg\" alt=\"c9b9e231-ed78-4dda-8929-6ae458c9df30 (1)\" width=\"1600\" height=\"1200\" srcset=\"http:\/\/wsc-saale.de\/wp-content\/uploads\/c9b9e231-ed78-4dda-8929-6ae458c9df30-1.jpg 1600w, http:\/\/wsc-saale.de\/wp-content\/uploads\/c9b9e231-ed78-4dda-8929-6ae458c9df30-1-300x225.jpg 300w, http:\/\/wsc-saale.de\/wp-content\/uploads\/c9b9e231-ed78-4dda-8929-6ae458c9df30-1-768x576.jpg 768w, http:\/\/wsc-saale.de\/wp-content\/uploads\/c9b9e231-ed78-4dda-8929-6ae458c9df30-1-1024x768.jpg 1024w\" sizes=\"auto, (max-width: 1600px) 100vw, 1600px\" \/><\/a> <a href=\"http:\/\/wsc-saale.de\/wp-content\/uploads\/fccaa1e5-7f8f-4fa0-b973-ff8450c80919.jpg\"><img loading=\"lazy\" decoding=\"async\" class=\"aligncenter size-full wp-image-1216\" src=\"http:\/\/wsc-saale.de\/wp-content\/uploads\/fccaa1e5-7f8f-4fa0-b973-ff8450c80919.jpg\" alt=\"fccaa1e5-7f8f-4fa0-b973-ff8450c80919\" width=\"1600\" height=\"1200\" srcset=\"http:\/\/wsc-saale.de\/wp-content\/uploads\/fccaa1e5-7f8f-4fa0-b973-ff8450c80919.jpg 1600w, http:\/\/wsc-saale.de\/wp-content\/uploads\/fccaa1e5-7f8f-4fa0-b973-ff8450c80919-300x225.jpg 300w, http:\/\/wsc-saale.de\/wp-content\/uploads\/fccaa1e5-7f8f-4fa0-b973-ff8450c80919-768x576.jpg 768w, http:\/\/wsc-saale.de\/wp-content\/uploads\/fccaa1e5-7f8f-4fa0-b973-ff8450c80919-1024x768.jpg 1024w\" sizes=\"auto, (max-width: 1600px) 100vw, 1600px\" \/><\/a> <a href=\"http:\/\/wsc-saale.de\/wp-content\/uploads\/8e4cf54a-28f8-44c0-a26b-3b5c669a1f2d.jpg\"><img loading=\"lazy\" decoding=\"async\" class=\"aligncenter size-full wp-image-1217\" src=\"http:\/\/wsc-saale.de\/wp-content\/uploads\/8e4cf54a-28f8-44c0-a26b-3b5c669a1f2d.jpg\" alt=\"8e4cf54a-28f8-44c0-a26b-3b5c669a1f2d\" width=\"1600\" height=\"1200\" srcset=\"http:\/\/wsc-saale.de\/wp-content\/uploads\/8e4cf54a-28f8-44c0-a26b-3b5c669a1f2d.jpg 1600w, http:\/\/wsc-saale.de\/wp-content\/uploads\/8e4cf54a-28f8-44c0-a26b-3b5c669a1f2d-300x225.jpg 300w, http:\/\/wsc-saale.de\/wp-content\/uploads\/8e4cf54a-28f8-44c0-a26b-3b5c669a1f2d-768x576.jpg 768w, http:\/\/wsc-saale.de\/wp-content\/uploads\/8e4cf54a-28f8-44c0-a26b-3b5c669a1f2d-1024x768.jpg 1024w\" sizes=\"auto, (max-width: 1600px) 100vw, 1600px\" \/><\/a> <a href=\"http:\/\/wsc-saale.de\/wp-content\/uploads\/3e79ba11-b72a-4295-90d4-04f02890f2a7.jpg\"><img loading=\"lazy\" decoding=\"async\" class=\"aligncenter size-full wp-image-1218\" src=\"http:\/\/wsc-saale.de\/wp-content\/uploads\/3e79ba11-b72a-4295-90d4-04f02890f2a7.jpg\" alt=\"3e79ba11-b72a-4295-90d4-04f02890f2a7\" width=\"1600\" height=\"1200\" srcset=\"http:\/\/wsc-saale.de\/wp-content\/uploads\/3e79ba11-b72a-4295-90d4-04f02890f2a7.jpg 1600w, http:\/\/wsc-saale.de\/wp-content\/uploads\/3e79ba11-b72a-4295-90d4-04f02890f2a7-300x225.jpg 300w, http:\/\/wsc-saale.de\/wp-content\/uploads\/3e79ba11-b72a-4295-90d4-04f02890f2a7-768x576.jpg 768w, http:\/\/wsc-saale.de\/wp-content\/uploads\/3e79ba11-b72a-4295-90d4-04f02890f2a7-1024x768.jpg 1024w\" sizes=\"auto, (max-width: 1600px) 100vw, 1600px\" \/><\/a><\/p>\n","protected":false},"excerpt":{"rendered":"<p>Zum 15. Mal veranstalteten wir einen sch\u00f6nen Nachmittag auf und in unserem Stausee f\u00fcr die Kinder des Kinderheims Frohe Zukunft in Verbindung mit dem Kinderhospiz Mitteldeutschland. F\u00fcr die tolle Unterst\u00fctzung zur Ausgestaltung der Veranstaltung m\u00f6chten wir\u00a0uns bei der Brauerei Saalfeld, der Fleischerei B\u00fcchner, der Polizeiinspektion Saalfeld und ans\u00e4ssigen B\u00e4ckereien bedanken .<\/p>\n","protected":false},"author":587,"featured_media":0,"parent":0,"menu_order":0,"comment_status":"closed","ping_status":"closed","template":"","meta":{"footnotes":""},"class_list":["post-1213","page","type-page","status-publish","hentry"],"_links":{"self":[{"href":"http:\/\/wsc-saale.de\/index.php?rest_route=\/wp\/v2\/pages\/1213","targetHints":{"allow":["GET"]}}],"collection":[{"href":"http:\/\/wsc-saale.de\/index.php?rest_route=\/wp\/v2\/pages"}],"about":[{"href":"http:\/\/wsc-saale.de\/index.php?rest_route=\/wp\/v2\/types\/page"}],"author":[{"embeddable":true,"href":"http:\/\/wsc-saale.de\/index.php?rest_route=\/wp\/v2\/users\/587"}],"replies":[{"embeddable":true,"href":"http:\/\/wsc-saale.de\/index.php?rest_route=%2Fwp%2Fv2%2Fcomments&post=1213"}],"version-history":[{"count":1,"href":"http:\/\/wsc-saale.de\/index.php?rest_route=\/wp\/v2\/pages\/1213\/revisions"}],"predecessor-version":[{"id":1220,"href":"http:\/\/wsc-saale.de\/index.php?rest_route=\/wp\/v2\/pages\/1213\/revisions\/1220"}],"wp:attachment":[{"href":"http:\/\/wsc-saale.de\/index.php?rest_route=%2Fwp%2Fv2%2Fmedia&parent=1213"}],"curies":[{"name":"wp","href":"https:\/\/api.w.org\/{rel}","templated":true}]}}