{"id":1203,"date":"2025-08-01T13:13:24","date_gmt":"2025-08-01T11:13:24","guid":{"rendered":"http:\/\/wsc-saale.de\/?page_id=1203"},"modified":"2025-08-01T13:26:10","modified_gmt":"2025-08-01T11:26:10","slug":"verabschiedung-in-den-wohlverdienten-ruhestand","status":"publish","type":"page","link":"http:\/\/wsc-saale.de\/?page_id=1203","title":{"rendered":"Verabschiedung in den wohlverdienten Ruhestand"},"content":{"rendered":"<p>im Juli 2025 wurde unser Vereinsfreund und Verantwortlicher f\u00fcr Sport der Stadt Saalefeld, Herr Thomas S\u00e4uberlich, in seinen wohlverdienten Ruhestand geschickt. F\u00fcr seine\u00a0gute\u00a0Zusammenarbeit mit uns als Verein\u00a0erfuhr er von Herrn Michael Patschke eine ganz besondere Ehrung.<\/p>\n<p>Der Verein sagt Danke<a href=\"http:\/\/wsc-saale.de\/wp-content\/uploads\/Micha-in-den-Ruhestand.jpg\"><img loading=\"lazy\" decoding=\"async\" class=\"aligncenter size-full wp-image-1204\" src=\"http:\/\/wsc-saale.de\/wp-content\/uploads\/Micha-in-den-Ruhestand.jpg\" alt=\"Micha in den Ruhestand\" width=\"2000\" height=\"1500\" srcset=\"http:\/\/wsc-saale.de\/wp-content\/uploads\/Micha-in-den-Ruhestand.jpg 2000w, http:\/\/wsc-saale.de\/wp-content\/uploads\/Micha-in-den-Ruhestand-300x225.jpg 300w, http:\/\/wsc-saale.de\/wp-content\/uploads\/Micha-in-den-Ruhestand-768x576.jpg 768w, http:\/\/wsc-saale.de\/wp-content\/uploads\/Micha-in-den-Ruhestand-1024x768.jpg 1024w\" sizes=\"auto, (max-width: 2000px) 100vw, 2000px\" \/><\/a><\/p>\n","protected":false},"excerpt":{"rendered":"<p>im Juli 2025 wurde unser Vereinsfreund und Verantwortlicher f\u00fcr Sport der Stadt Saalefeld, Herr Thomas S\u00e4uberlich, in seinen wohlverdienten Ruhestand geschickt. F\u00fcr seine\u00a0gute\u00a0Zusammenarbeit mit uns als Verein\u00a0erfuhr er von Herrn Michael Patschke eine ganz besondere Ehrung. Der Verein sagt Danke<\/p>\n","protected":false},"author":587,"featured_media":0,"parent":0,"menu_order":0,"comment_status":"closed","ping_status":"closed","template":"","meta":{"footnotes":""},"class_list":["post-1203","page","type-page","status-publish","hentry"],"_links":{"self":[{"href":"http:\/\/wsc-saale.de\/index.php?rest_route=\/wp\/v2\/pages\/1203","targetHints":{"allow":["GET"]}}],"collection":[{"href":"http:\/\/wsc-saale.de\/index.php?rest_route=\/wp\/v2\/pages"}],"about":[{"href":"http:\/\/wsc-saale.de\/index.php?rest_route=\/wp\/v2\/types\/page"}],"author":[{"embeddable":true,"href":"http:\/\/wsc-saale.de\/index.php?rest_route=\/wp\/v2\/users\/587"}],"replies":[{"embeddable":true,"href":"http:\/\/wsc-saale.de\/index.php?rest_route=%2Fwp%2Fv2%2Fcomments&post=1203"}],"version-history":[{"count":5,"href":"http:\/\/wsc-saale.de\/index.php?rest_route=\/wp\/v2\/pages\/1203\/revisions"}],"predecessor-version":[{"id":1212,"href":"http:\/\/wsc-saale.de\/index.php?rest_route=\/wp\/v2\/pages\/1203\/revisions\/1212"}],"wp:attachment":[{"href":"http:\/\/wsc-saale.de\/index.php?rest_route=%2Fwp%2Fv2%2Fmedia&parent=1203"}],"curies":[{"name":"wp","href":"https:\/\/api.w.org\/{rel}","templated":true}]}}