{"id":1059,"date":"2024-06-05T15:46:22","date_gmt":"2024-06-05T13:46:22","guid":{"rendered":"http:\/\/wsc-saale.de\/?page_id=1059"},"modified":"2024-06-05T15:46:22","modified_gmt":"2024-06-05T13:46:22","slug":"1125-jahre-saalfeldsaale","status":"publish","type":"page","link":"http:\/\/wsc-saale.de\/?page_id=1059","title":{"rendered":"&#8222;1125 Jahre Saalfeld\/Saale&#8220;"},"content":{"rendered":"<p>Zu den Feierlichkeiten &#8222;1125 Jahre Stadt Saalfeld&#8220; veranstaltete unser Verein eine Spiel- und Spass- und Schnupperveranstaltung im Freibad Saalfeld. Die Resonanz war Riesengro\u00df und die gebotenen M\u00f6glichkeiten der Aktivit\u00e4ten auf dem Wasser fanden gro\u00dfes Interesse. Besonderer Dank bei der Ausrichtung dieses Event\u00b4s sei an unsere Mitglieder Laura Metz, Thomas Sennewald und Michael Patschke gerichtet.<\/p>\n<div style=\"width: 474px;\" class=\"wp-video\"><!--[if lt IE 9]><script>document.createElement('video');<\/script><![endif]-->\n<video class=\"wp-video-shortcode\" id=\"video-1059-1\" width=\"474\" height=\"843\" preload=\"metadata\" controls=\"controls\"><source type=\"video\/mp4\" src=\"http:\/\/wsc-saale.de\/wp-content\/uploads\/d056d6c8-f141-4460-8b79-dbb5265f239a.mp4?_=1\" \/><a href=\"http:\/\/wsc-saale.de\/wp-content\/uploads\/d056d6c8-f141-4460-8b79-dbb5265f239a.mp4\">http:\/\/wsc-saale.de\/wp-content\/uploads\/d056d6c8-f141-4460-8b79-dbb5265f239a.mp4<\/a><\/video><\/div>\n<p><a href=\"http:\/\/wsc-saale.de\/wp-content\/uploads\/14146c62-d908-4c76-814d-23f5bcd435f6.jpg\"><img loading=\"lazy\" decoding=\"async\" class=\"aligncenter size-full wp-image-1061\" src=\"http:\/\/wsc-saale.de\/wp-content\/uploads\/14146c62-d908-4c76-814d-23f5bcd435f6.jpg\" alt=\"14146c62-d908-4c76-814d-23f5bcd435f6\" width=\"508\" height=\"1152\" srcset=\"http:\/\/wsc-saale.de\/wp-content\/uploads\/14146c62-d908-4c76-814d-23f5bcd435f6.jpg 508w, http:\/\/wsc-saale.de\/wp-content\/uploads\/14146c62-d908-4c76-814d-23f5bcd435f6-132x300.jpg 132w, http:\/\/wsc-saale.de\/wp-content\/uploads\/14146c62-d908-4c76-814d-23f5bcd435f6-452x1024.jpg 452w\" sizes=\"auto, (max-width: 508px) 100vw, 508px\" \/><\/a> <a href=\"http:\/\/wsc-saale.de\/wp-content\/uploads\/0367e6f5-666f-425a-8be6-709ae573a0ab.jpg\"><img loading=\"lazy\" decoding=\"async\" class=\"aligncenter size-full wp-image-1062\" src=\"http:\/\/wsc-saale.de\/wp-content\/uploads\/0367e6f5-666f-425a-8be6-709ae573a0ab.jpg\" alt=\"0367e6f5-666f-425a-8be6-709ae573a0ab\" width=\"864\" height=\"1152\" srcset=\"http:\/\/wsc-saale.de\/wp-content\/uploads\/0367e6f5-666f-425a-8be6-709ae573a0ab.jpg 864w, http:\/\/wsc-saale.de\/wp-content\/uploads\/0367e6f5-666f-425a-8be6-709ae573a0ab-225x300.jpg 225w, http:\/\/wsc-saale.de\/wp-content\/uploads\/0367e6f5-666f-425a-8be6-709ae573a0ab-768x1024.jpg 768w\" sizes=\"auto, (max-width: 864px) 100vw, 864px\" \/><\/a> <a href=\"http:\/\/wsc-saale.de\/wp-content\/uploads\/62ee7119-04d5-4564-b649-3a4a35f5f4ef.jpg\"><img loading=\"lazy\" decoding=\"async\" class=\"aligncenter size-full wp-image-1063\" src=\"http:\/\/wsc-saale.de\/wp-content\/uploads\/62ee7119-04d5-4564-b649-3a4a35f5f4ef.jpg\" alt=\"62ee7119-04d5-4564-b649-3a4a35f5f4ef\" width=\"1536\" height=\"2048\" srcset=\"http:\/\/wsc-saale.de\/wp-content\/uploads\/62ee7119-04d5-4564-b649-3a4a35f5f4ef.jpg 1536w, http:\/\/wsc-saale.de\/wp-content\/uploads\/62ee7119-04d5-4564-b649-3a4a35f5f4ef-225x300.jpg 225w, http:\/\/wsc-saale.de\/wp-content\/uploads\/62ee7119-04d5-4564-b649-3a4a35f5f4ef-768x1024.jpg 768w\" sizes=\"auto, (max-width: 1536px) 100vw, 1536px\" \/><\/a> <a href=\"http:\/\/wsc-saale.de\/wp-content\/uploads\/36d3360b-652f-4bde-a9ba-f9b720c8fe7f.jpg\"><img loading=\"lazy\" decoding=\"async\" class=\"aligncenter size-full wp-image-1064\" src=\"http:\/\/wsc-saale.de\/wp-content\/uploads\/36d3360b-652f-4bde-a9ba-f9b720c8fe7f.jpg\" alt=\"36d3360b-652f-4bde-a9ba-f9b720c8fe7f\" width=\"1536\" height=\"2048\" srcset=\"http:\/\/wsc-saale.de\/wp-content\/uploads\/36d3360b-652f-4bde-a9ba-f9b720c8fe7f.jpg 1536w, http:\/\/wsc-saale.de\/wp-content\/uploads\/36d3360b-652f-4bde-a9ba-f9b720c8fe7f-225x300.jpg 225w, http:\/\/wsc-saale.de\/wp-content\/uploads\/36d3360b-652f-4bde-a9ba-f9b720c8fe7f-768x1024.jpg 768w\" sizes=\"auto, (max-width: 1536px) 100vw, 1536px\" \/><\/a> <a href=\"http:\/\/wsc-saale.de\/wp-content\/uploads\/7bab6d6a-e610-4c8b-94ce-ccdb1d493079.jpg\"><img loading=\"lazy\" decoding=\"async\" class=\"aligncenter size-full wp-image-1065\" src=\"http:\/\/wsc-saale.de\/wp-content\/uploads\/7bab6d6a-e610-4c8b-94ce-ccdb1d493079.jpg\" alt=\"7bab6d6a-e610-4c8b-94ce-ccdb1d493079\" width=\"864\" height=\"1152\" srcset=\"http:\/\/wsc-saale.de\/wp-content\/uploads\/7bab6d6a-e610-4c8b-94ce-ccdb1d493079.jpg 864w, http:\/\/wsc-saale.de\/wp-content\/uploads\/7bab6d6a-e610-4c8b-94ce-ccdb1d493079-225x300.jpg 225w, http:\/\/wsc-saale.de\/wp-content\/uploads\/7bab6d6a-e610-4c8b-94ce-ccdb1d493079-768x1024.jpg 768w\" sizes=\"auto, (max-width: 864px) 100vw, 864px\" \/><\/a> <a href=\"http:\/\/wsc-saale.de\/wp-content\/uploads\/5d6db97d-3ce5-481a-accf-dba32bfa8c83.jpg\"><img loading=\"lazy\" decoding=\"async\" class=\"aligncenter size-full wp-image-1066\" src=\"http:\/\/wsc-saale.de\/wp-content\/uploads\/5d6db97d-3ce5-481a-accf-dba32bfa8c83.jpg\" alt=\"5d6db97d-3ce5-481a-accf-dba32bfa8c83\" width=\"542\" height=\"1280\" srcset=\"http:\/\/wsc-saale.de\/wp-content\/uploads\/5d6db97d-3ce5-481a-accf-dba32bfa8c83.jpg 542w, http:\/\/wsc-saale.de\/wp-content\/uploads\/5d6db97d-3ce5-481a-accf-dba32bfa8c83-127x300.jpg 127w, http:\/\/wsc-saale.de\/wp-content\/uploads\/5d6db97d-3ce5-481a-accf-dba32bfa8c83-434x1024.jpg 434w\" sizes=\"auto, (max-width: 542px) 100vw, 542px\" \/><\/a> <a href=\"http:\/\/wsc-saale.de\/wp-content\/uploads\/4c5282e4-d613-4e4e-bf83-dbe6119cd41f.jpg\"><img loading=\"lazy\" decoding=\"async\" class=\"aligncenter size-full wp-image-1067\" src=\"http:\/\/wsc-saale.de\/wp-content\/uploads\/4c5282e4-d613-4e4e-bf83-dbe6119cd41f.jpg\" alt=\"4c5282e4-d613-4e4e-bf83-dbe6119cd41f\" width=\"864\" height=\"1152\" srcset=\"http:\/\/wsc-saale.de\/wp-content\/uploads\/4c5282e4-d613-4e4e-bf83-dbe6119cd41f.jpg 864w, http:\/\/wsc-saale.de\/wp-content\/uploads\/4c5282e4-d613-4e4e-bf83-dbe6119cd41f-225x300.jpg 225w, http:\/\/wsc-saale.de\/wp-content\/uploads\/4c5282e4-d613-4e4e-bf83-dbe6119cd41f-768x1024.jpg 768w\" sizes=\"auto, (max-width: 864px) 100vw, 864px\" \/><\/a> <a href=\"http:\/\/wsc-saale.de\/wp-content\/uploads\/0e44388d-6076-404f-a41f-a691f8b8c9ac.jpg\"><img loading=\"lazy\" decoding=\"async\" class=\"aligncenter size-full wp-image-1068\" src=\"http:\/\/wsc-saale.de\/wp-content\/uploads\/0e44388d-6076-404f-a41f-a691f8b8c9ac.jpg\" alt=\"0e44388d-6076-404f-a41f-a691f8b8c9ac\" width=\"864\" height=\"1152\" srcset=\"http:\/\/wsc-saale.de\/wp-content\/uploads\/0e44388d-6076-404f-a41f-a691f8b8c9ac.jpg 864w, http:\/\/wsc-saale.de\/wp-content\/uploads\/0e44388d-6076-404f-a41f-a691f8b8c9ac-225x300.jpg 225w, http:\/\/wsc-saale.de\/wp-content\/uploads\/0e44388d-6076-404f-a41f-a691f8b8c9ac-768x1024.jpg 768w\" sizes=\"auto, (max-width: 864px) 100vw, 864px\" \/><\/a><\/p>\n","protected":false},"excerpt":{"rendered":"<p>Zu den Feierlichkeiten &#8222;1125 Jahre Stadt Saalfeld&#8220; veranstaltete unser Verein eine Spiel- und Spass- und Schnupperveranstaltung im Freibad Saalfeld. Die Resonanz war Riesengro\u00df und die gebotenen M\u00f6glichkeiten der Aktivit\u00e4ten auf dem Wasser fanden gro\u00dfes Interesse. Besonderer Dank bei der Ausrichtung dieses Event\u00b4s sei an unsere Mitglieder Laura Metz, Thomas Sennewald und Michael Patschke gerichtet.<\/p>\n","protected":false},"author":587,"featured_media":0,"parent":0,"menu_order":0,"comment_status":"closed","ping_status":"closed","template":"","meta":{"footnotes":""},"class_list":["post-1059","page","type-page","status-publish","hentry"],"_links":{"self":[{"href":"http:\/\/wsc-saale.de\/index.php?rest_route=\/wp\/v2\/pages\/1059","targetHints":{"allow":["GET"]}}],"collection":[{"href":"http:\/\/wsc-saale.de\/index.php?rest_route=\/wp\/v2\/pages"}],"about":[{"href":"http:\/\/wsc-saale.de\/index.php?rest_route=\/wp\/v2\/types\/page"}],"author":[{"embeddable":true,"href":"http:\/\/wsc-saale.de\/index.php?rest_route=\/wp\/v2\/users\/587"}],"replies":[{"embeddable":true,"href":"http:\/\/wsc-saale.de\/index.php?rest_route=%2Fwp%2Fv2%2Fcomments&post=1059"}],"version-history":[{"count":1,"href":"http:\/\/wsc-saale.de\/index.php?rest_route=\/wp\/v2\/pages\/1059\/revisions"}],"predecessor-version":[{"id":1069,"href":"http:\/\/wsc-saale.de\/index.php?rest_route=\/wp\/v2\/pages\/1059\/revisions\/1069"}],"wp:attachment":[{"href":"http:\/\/wsc-saale.de\/index.php?rest_route=%2Fwp%2Fv2%2Fmedia&parent=1059"}],"curies":[{"name":"wp","href":"https:\/\/api.w.org\/{rel}","templated":true}]}}